{"id":1201,"date":"2019-06-13T14:52:15","date_gmt":"2019-06-13T12:52:15","guid":{"rendered":"https:\/\/willaboconek.pl\/polityka-prywatnosci\/"},"modified":"2023-01-13T22:06:12","modified_gmt":"2023-01-13T21:06:12","slug":"zasady-ochrany-osobnich-udaju","status":"publish","type":"page","link":"https:\/\/willaboconek.pl\/cs\/zasady-ochrany-osobnich-udaju\/","title":{"rendered":"Z\u00e1sady ochrany osobn\u00edch \u00fadaj\u016f"},"content":{"rendered":"<div class=\"fusion-fullwidth fullwidth-box fusion-builder-row-1 nonhundred-percent-fullwidth non-hundred-percent-height-scrolling\"  style='background-color: rgba(255,255,255,0);background-position: center center;background-repeat: no-repeat;padding-top:0px;padding-right:0px;padding-bottom:0px;padding-left:0px;'><div class=\"fusion-builder-row fusion-row \"><div  class=\"fusion-layout-column fusion_builder_column fusion_builder_column_1_1 fusion-builder-column-0 fusion-one-full fusion-column-first fusion-column-last 1_1\"  style='margin-top:0px;margin-bottom:0px;'><div class=\"fusion-column-wrapper\" style=\"padding: 0px 0px 0px 0px;background-position:left top;background-repeat:no-repeat;-webkit-background-size:cover;-moz-background-size:cover;-o-background-size:cover;background-size:cover;\"   data-bg-url=\"\"><div class=\"fusion-text\"><p><strong>Obecn\u00e9 informace<\/strong><\/p>\n<ol>\n<li>Provozovatelem internetov\u00e9 str\u00e1nky willaboconek.pl je <strong>Kazimierz Ca\u0142us Us\u0142ugi ziemne i komunalne noclegi, ul. Sosnowa 37, 32-641 Przecisz\u00f3w\u00a0<\/strong><\/li>\n<li>Internetov\u00e1 str\u00e1nka shroma\u017e\u010fuje informace o u\u017eivatel\u00edch a jejich chov\u00e1n\u00ed t\u011bmito zp\u016fsoby:<\/li>\n<li>Prost\u0159ednictv\u00edm informac\u00ed dobrovoln\u011b zadan\u00fdch do formul\u00e1\u0159\u016f.<\/li>\n<li>Ulo\u017een\u00edm soubor\u016f cookie do koncov\u00fdch za\u0159\u00edzen\u00ed (tzv. \u201ecookies\u201c).<\/li>\n<li>Shroma\u017e\u010fov\u00e1n\u00edm protokol\u016f webov\u00e9ho serveru hostuj\u00edc\u00edm oper\u00e1torem lh.pl p\u016fsob\u00edc\u00edm na adrese lh.pl<\/li>\n<\/ol>\n<p><strong>Informace ve formul\u00e1\u0159\u00edch.<\/strong><\/p>\n<ol>\n<li>Internetov\u00e1 str\u00e1nka shroma\u017e\u010fuje informace poskytovan\u00e9 dobrovoln\u011b u\u017eivatelem.<\/li>\n<li>Internetov\u00e1 str\u00e1nka m\u016f\u017ee tak\u00e9 ukl\u00e1dat informace o parametrech p\u0159ipojen\u00ed (\u010das, IP adresa)<\/li>\n<li>\u00dadaje ve formul\u00e1\u0159i nejsou sd\u011bleny t\u0159et\u00edm stran\u00e1m, pouze se souhlasem u\u017eivatele.<\/li>\n<li>\u00dadaje poskytnut\u00e9 ve formul\u00e1\u0159i mohou p\u0159edstavovat soubor potenci\u00e1ln\u00edch z\u00e1kazn\u00edk\u016f, zaregistrovan\u00fdch provozovatelem internetov\u00fdch str\u00e1nek v registru veden\u00e9m gener\u00e1ln\u00edm inspektorem pro ochranu osobn\u00edch \u00fadaj\u016f.<\/li>\n<li>\u00dadaje poskytnut\u00e9 ve formul\u00e1\u0159i jsou zpracov\u00e1ny za \u00fa\u010delem vypl\u00fdvaj\u00edc\u00edm z funkce konkr\u00e9tn\u00edho formul\u00e1\u0159e, nap\u0159. za \u00fa\u010delem zpracov\u00e1n\u00ed \u017e\u00e1dosti o slu\u017ebu nebo obchodn\u00edho kontaktu.<\/li>\n<li>\u00dadaje poskytnut\u00e9 ve formul\u00e1\u0159\u00edch m\u016f\u017eou b\u00fdt poskytov\u00e1ny subjekt\u016fm, kter\u00e9 technicky poskytuj\u00ed n\u011bkter\u00e9 slu\u017eby \u2013 zejm\u00e9na se jedn\u00e1 o poskytov\u00e1n\u00ed informac\u00ed o vlastn\u00edkovi registrovan\u00e9 dom\u00e9ny subjekt\u016fm, kter\u00e9 jsou provozovateli internetov\u00fdch dom\u00e9n (zejm\u00e9na v\u011bdeck\u00e1 a akademick\u00e1 po\u010d\u00edta\u010dov\u00e1 s\u00ed\u0165 jbr \u2013 NASK), internetov\u00fdm str\u00e1nk\u00e1m platebn\u00edch slu\u017eeb nebo jin\u00fdm subjekt\u016fm, se kter\u00fdm Provozovatel webov\u00fdch str\u00e1nek v t\u00e9to oblasti spolupracuje.<\/li>\n<\/ol>\n<p><strong>Informace o souborech cookies.<\/strong><\/p>\n<ol>\n<li>Internetov\u00e1 str\u00e1nka pou\u017e\u00edv\u00e1 soubory cookies.<\/li>\n<li>Soubory cookie (tzv. \u201ecookies\u201c) jsou IT data, zejm\u00e9na textov\u00e9 soubory, kter\u00e9 jsou ulo\u017eeny na koncov\u00e9m za\u0159\u00edzen\u00ed U\u017eivatele internetov\u00e9 str\u00e1nky a jsou ur\u010deny k pou\u017e\u00edv\u00e1n\u00ed internetov\u00fdch str\u00e1nek. Cookies obvykle obsahuj\u00ed n\u00e1zev webov\u00e9 str\u00e1nky, ze kter\u00e9 poch\u00e1zej\u00ed, jejich \u010das ulo\u017een\u00ed na koncov\u00e9m za\u0159\u00edzen\u00ed a jedine\u010dn\u00e9 \u010d\u00edslo.<\/li>\n<li>Subjektem um\u00eds\u0165uj\u00edc\u00edm soubory cookie do koncov\u00e9ho za\u0159\u00edzen\u00ed u\u017eivatele internetov\u00fdch str\u00e1nek a p\u0159istupuj\u00edc\u00ed k nim je provozovatel internetov\u00fdch str\u00e1nek.<\/li>\n<\/ol>\n<p><strong>Cookies se pou\u017e\u00edvaj\u00ed pro n\u00e1sleduj\u00edc\u00ed \u00fa\u010dely:<\/strong><\/p>\n<ul>\n<li>vytv\u00e1\u0159en\u00ed statistik, kter\u00e9 pom\u00e1haj\u00ed porozum\u011bt tomu, jak u\u017eivatel\u00e9 internetov\u00fdch str\u00e1nek pou\u017e\u00edvaj\u00ed internetov\u00e9 str\u00e1nky, co\u017e umo\u017e\u0148uje zlep\u0161it jejich strukturu a obsah;<\/li>\n<li>udr\u017eov\u00e1n\u00ed relace U\u017eivatele internetov\u00e9 str\u00e1nky (po p\u0159ihl\u00e1\u0161en\u00ed), d\u00edky \u010demu u\u017eivatel nemus\u00ed znovu zad\u00e1vat p\u0159ihla\u0161ovac\u00ed jm\u00e9no a heslo na ka\u017ed\u00e9 podstr\u00e1nce internetov\u00e9 str\u00e1nky;<\/li>\n<li>ur\u010den\u00ed u\u017eivatelsk\u00e9ho profilu za \u00fa\u010delem zobrazen\u00ed mu p\u0159izp\u016fsoben\u00fdch materi\u00e1l\u016f v reklamn\u00edch s\u00edt\u00edch, zejm\u00e9na v s\u00edti Google.<\/li>\n<\/ul>\n<ol>\n<li>Web pou\u017e\u00edv\u00e1 dva z\u00e1kladn\u00ed typy cookies: \u201erela\u010dn\u00ed\u201c cookies (session cookies) a \u201etrval\u00e9\u201c cookies (persistent cookies). Rela\u010dn\u00ed soubory cookie jsou do\u010dasn\u00e9 soubory, kter\u00e9 jsou ulo\u017eeny na koncov\u00e9m za\u0159\u00edzen\u00ed u\u017eivatele, dokud se u\u017eivatel neodhl\u00e1s\u00ed, neopust\u00ed internetovou str\u00e1nku nebo nevypne software (internetov\u00fd prohl\u00ed\u017ee\u010d). Trval\u00e9 soubory cookie se ukl\u00e1daj\u00ed na koncov\u00e9m za\u0159\u00edzen\u00ed u\u017eivatele po dobu stanovenou v parametrech soubor\u016f cookie nebo do doby, ne\u017e je u\u017eivatel odstran\u00ed.<\/li>\n<li>Software pro proch\u00e1zen\u00ed internetov\u00fdch sr\u00e1nek (webov\u00fd prohl\u00ed\u017ee\u010d) obvykle ve v\u00fdchoz\u00edm nastaven\u00ed umo\u017e\u0148uje ukl\u00e1dat cookies na koncov\u00e9m za\u0159\u00edzen\u00ed u\u017eivatele. U\u017eivatel\u00e9 internetov\u00e9 str\u00e1nky m\u016f\u017eou v tomto ohledu zm\u011bnit nastaven\u00ed. Internetov\u00fd prohl\u00ed\u017ee\u010d umo\u017e\u0148uje mazat a blokovat soubory cookies. Podrobn\u00e9 informace o tomto t\u00e9matu jsou obsa\u017eeny v n\u00e1pov\u011bd\u011b nebo dokumentaci pou\u017e\u00edvan\u00e9 u\u017eivatelem internetov\u00e9ho prohl\u00ed\u017ee\u010de.<\/li>\n<li>Omezen\u00ed pou\u017e\u00edv\u00e1n\u00ed cookies m\u016f\u017ee ovlivnit n\u011bkter\u00e9 funkce dostupn\u00e9 na webov\u00fdch str\u00e1nk\u00e1ch.<\/li>\n<li>Cookies um\u00edst\u011bn\u00e9 na koncov\u00e9m za\u0159\u00edzen\u00ed U\u017eivatele internetov\u00fdch str\u00e1nek m\u016f\u017eou tak\u00e9 vyu\u017e\u00edvat spolupracuj\u00edc\u00ed a partne\u0159i provozovatele internetov\u00fdch str\u00e1nek.<\/li>\n<li>Doporu\u010dujeme si p\u0159e\u010d\u00edst z\u00e1sady ochrany osobn\u00edch \u00fadaj\u016f t\u011bchto spole\u010dnost\u00ed a sezn\u00e1mit se s pravidly pou\u017e\u00edv\u00e1n\u00ed soubor\u016f cookie pou\u017e\u00edvan\u00fdch ve statistice:\u00a0<a href=\"http:\/\/www.google.pl\/intl\/pl\/analytics\/privacyoverview.html\">Z\u00e1sady ochrany osobn\u00edch \u00fadaj\u016f slu\u017eby Google Analytics<\/a><\/li>\n<li>Cookies mohou b\u00fdt pou\u017eity reklamn\u00edmi s\u00edt\u011bmi, zejm\u00e9na s\u00edt\u00ed Google, k zobrazov\u00e1n\u00ed reklam p\u0159izp\u016fsoben\u00fdch zp\u016fsobu, jak\u00fdm u\u017eivatel internetov\u00e9 str\u00e1nky pou\u017e\u00edv\u00e1. Za t\u00edmto \u00fa\u010delem m\u016f\u017eou ukl\u00e1dat informace o naviga\u010dn\u00ed cest\u011b u\u017eivatele nebo o \u010dase str\u00e1ven\u00e9m na dan\u00e9 str\u00e1nce.<\/li>\n<li>Pokud jde o informace o u\u017eivatelsk\u00fdch preferenc\u00edch shrom\u00e1\u017ed\u011bn\u00fdch reklamn\u00ed s\u00edt\u00ed Google, m\u016f\u017ee u\u017eivatel pomoc\u00ed n\u00e1stroje https:\/\/www.google.com\/ads\/preferences\/ prohl\u00ed\u017eet a upravovat informace odvozen\u00e9 ze soubor\u016f cookie pomoc\u00ed n\u00e1stroje\u00a0<a href=\"https:\/\/www.google.com\/ads\/preferences\/\">https:\/\/www.google.com\/ads\/preferences\/<\/a><\/li>\n<\/ol>\n<p><strong>Protokoly serveru.<\/strong><\/p>\n<ul>\n<li>Informace o chov\u00e1n\u00ed n\u011bkter\u00fdch u\u017eivatel\u016f podl\u00e9haj\u00ed p\u0159ihl\u00e1\u0161en\u00ed do vrstvy serveru. Tato data se pou\u017e\u00edvaj\u00ed pouze ke spr\u00e1v\u011b internetov\u00fdch str\u00e1nek a k zaji\u0161t\u011bn\u00ed co nejefektivn\u011bj\u0161\u00edch slu\u017eeb poskytovan\u00fdch internetovou str\u00e1nkou.<\/li>\n<li>Zobrazen\u00e9 zdroje jsou identifikov\u00e1ny pomoc\u00ed URL adresy. Registraci m\u016f\u017ee nav\u00edc podl\u00e9hat:<\/li>\n<li>\u010das p\u0159ijet\u00ed dotazu,<\/li>\n<li>\u010das odezvy,<\/li>\n<li>n\u00e1zev klientsk\u00e9 stanice \u2013 identifikace proveden\u00e1 pomoc\u00ed protokolu HTTP,<\/li>\n<li>informace o chyb\u00e1ch, ke kter\u00fdm do\u0161lo b\u011bhem implementace transakce HTTP,<\/li>\n<li>URL adresa str\u00e1nky, kterou u\u017eivatel d\u0159\u00edve nav\u0161t\u00edvil (odkaz na referrera) \u2013 pokud byl web p\u0159\u00edstupn\u00fd prost\u0159ednictv\u00edm odkazu,<\/li>\n<li>informace o prohl\u00ed\u017ee\u010di u\u017eivatele,<\/li>\n<li>Informace o IP adrese.<\/li>\n<\/ul>\n<p>V\u00fd\u0161e uveden\u00e1 data nejsou spojena s konkr\u00e9tn\u00edmi lidmi, kte\u0159\u00ed nav\u0161t\u011bvuj\u00ed internetovou str\u00e1nku.<\/p>\n<p>V\u00fd\u0161e uveden\u00e1 data se pou\u017e\u00edvaj\u00ed pouze pro \u00fa\u010dely spr\u00e1vy serveru.<\/p>\n<p>Poskytov\u00e1n\u00ed \u00fadaj\u016f.<\/p>\n<p>\u00dadaje jsou extern\u00edm subjekt\u016fm poskytov\u00e1ny pouze v mez\u00edch povolen\u00fdch z\u00e1konem.<\/p>\n<p>\u00dadaje umo\u017e\u0148uj\u00edc\u00ed identifikaci fyzick\u00e9 osoby jsou zp\u0159\u00edstupn\u011bny pouze se souhlasem t\u00e9to osoby.<\/p>\n<p>Od provozovatele m\u016f\u017ee b\u00fdt po\u017eadov\u00e1no, aby poskytoval informace shrom\u00e1\u017ed\u011bn\u00e9 webov\u00fdm serverem opr\u00e1vn\u011bn\u00fdm subjekt\u016fm na z\u00e1klad\u011b z\u00e1konn\u00fdch \u017e\u00e1dost\u00ed v rozsahu vypl\u00fdvaj\u00edc\u00edm z \u017e\u00e1dosti.<\/p>\n<p>Spr\u00e1va soubor\u016f cookie \u2013 jak d\u00e1t a odvolat souhlas v praxi?<\/p>\n<p>Pokud u\u017eivatel nechce p\u0159ij\u00edmat cookies, m\u016f\u017ee zm\u011bnit nastaven\u00ed sv\u00e9ho prohl\u00ed\u017ee\u010de. Vyhrazujeme si, \u017ee deaktivace soubor\u016f cookie nezbytn\u00fdch pro autentiza\u010dn\u00ed procesy, bezpe\u010dnost, udr\u017eov\u00e1n\u00ed u\u017eivatelsk\u00fdch preferenc\u00ed m\u016f\u017ee b\u00fdt obt\u00ed\u017en\u00e1 a v extr\u00e9mn\u00edch p\u0159\u00edpadech m\u016f\u017ee zabr\u00e1nit pou\u017eit\u00ed internetov\u00fdch str\u00e1nek.<\/p>\n<p>Chcete-li spravovat nastaven\u00ed soubor\u016f cookie, vyberte si webov\u00fd prohl\u00ed\u017ee\u010d \/ syst\u00e9m ze seznamu n\u00ed\u017ee a postupujte podle pokyn\u016f:<\/p>\n<ul>\n<li><a href=\"http:\/\/support.microsoft.com\/kb\/196955\">Internet Explorer<\/a><\/li>\n<li><a href=\"http:\/\/support.google.com\/chrome\/bin\/answer.py?hl=pl&amp;answer=95647\">Chrome<\/a><\/li>\n<li><a href=\"http:\/\/support.apple.com\/kb\/PH5042\">Safari<\/a><\/li>\n<li><a href=\"http:\/\/support.mozilla.org\/pl\/kb\/W%C5%82%C4%85czanie%20i%20wy%C5%82%C4%85czanie%20obs%C5%82ugi%20ciasteczek\">Firefox<\/a><\/li>\n<li><a href=\"http:\/\/help.opera.com\/Windows\/12.10\/pl\/cookies.html\">Opera<\/a><\/li>\n<li><a href=\"http:\/\/support.google.com\/chrome\/bin\/answer.py?hl=pl&amp;answer=95647\">Android<\/a><\/li>\n<li><a href=\"http:\/\/support.apple.com\/kb\/HT1677?viewlocale=pl_PL\">Safari (iOS)<\/a><\/li>\n<li><a href=\"http:\/\/www.windowsphone.com\/pl-pl\/how-to\/wp7\/web\/changing-privacy-and-other-browser-settings\">Windows Phone<\/a><\/li>\n<li><a href=\"http:\/\/docs.blackberry.com\/en\/smartphone_users\/deliverables\/32004\/Turn_off_cookies_in_the_browser_60_1072866_11.jsp\">Blackberry<\/a><\/li>\n<\/ul>\n<\/div><div class=\"fusion-clearfix\"><\/div><\/div><\/div><\/div><\/div>\n","protected":false},"excerpt":{"rendered":"","protected":false},"author":1,"featured_media":0,"parent":0,"menu_order":0,"comment_status":"closed","ping_status":"open","template":"","meta":{"footnotes":""},"class_list":["post-1201","page","type-page","status-publish","hentry"],"yoast_head":"<!-- This site is optimized with the Yoast SEO plugin v27.4 - https:\/\/yoast.com\/product\/yoast-seo-wordpress\/ -->\n<title>Z\u00e1sady ochrany osobn\u00edch \u00fadaj\u016f - Willa Boconek<\/title>\n<meta name=\"robots\" content=\"index, follow, max-snippet:-1, max-image-preview:large, max-video-preview:-1\" \/>\n<link rel=\"canonical\" href=\"https:\/\/willaboconek.pl\/cs\/zasady-ochrany-osobnich-udaju\/\" \/>\n<meta property=\"og:locale\" content=\"cs_CZ\" \/>\n<meta property=\"og:type\" content=\"article\" \/>\n<meta property=\"og:title\" content=\"Z\u00e1sady ochrany osobn\u00edch \u00fadaj\u016f - Willa Boconek\" \/>\n<meta property=\"og:url\" content=\"https:\/\/willaboconek.pl\/cs\/zasady-ochrany-osobnich-udaju\/\" \/>\n<meta property=\"og:site_name\" content=\"Willa Boconek\" \/>\n<meta property=\"article:publisher\" content=\"https:\/\/www.facebook.com\/willaboconek\/\" \/>\n<meta property=\"article:modified_time\" content=\"2023-01-13T21:06:12+00:00\" \/>\n<meta name=\"twitter:card\" content=\"summary_large_image\" \/>\n<meta name=\"twitter:label1\" content=\"Odhadovan\u00e1 doba \u010dten\u00ed\" \/>\n\t<meta name=\"twitter:data1\" content=\"6 minut\" \/>\n<script type=\"application\/ld+json\" class=\"yoast-schema-graph\">{\"@context\":\"https:\\\/\\\/schema.org\",\"@graph\":[{\"@type\":\"WebPage\",\"@id\":\"https:\\\/\\\/willaboconek.pl\\\/cs\\\/zasady-ochrany-osobnich-udaju\\\/\",\"url\":\"https:\\\/\\\/willaboconek.pl\\\/cs\\\/zasady-ochrany-osobnich-udaju\\\/\",\"name\":\"Z\u00e1sady ochrany osobn\u00edch \u00fadaj\u016f - Willa Boconek\",\"isPartOf\":{\"@id\":\"https:\\\/\\\/willaboconek.pl\\\/cs\\\/#website\"},\"datePublished\":\"2019-06-13T12:52:15+00:00\",\"dateModified\":\"2023-01-13T21:06:12+00:00\",\"breadcrumb\":{\"@id\":\"https:\\\/\\\/willaboconek.pl\\\/cs\\\/zasady-ochrany-osobnich-udaju\\\/#breadcrumb\"},\"inLanguage\":\"cs\",\"potentialAction\":[{\"@type\":\"ReadAction\",\"target\":[\"https:\\\/\\\/willaboconek.pl\\\/cs\\\/zasady-ochrany-osobnich-udaju\\\/\"]}]},{\"@type\":\"BreadcrumbList\",\"@id\":\"https:\\\/\\\/willaboconek.pl\\\/cs\\\/zasady-ochrany-osobnich-udaju\\\/#breadcrumb\",\"itemListElement\":[{\"@type\":\"ListItem\",\"position\":1,\"name\":\"Strona g\u0142\u00f3wna\",\"item\":\"https:\\\/\\\/willaboconek.pl\\\/cs\\\/\"},{\"@type\":\"ListItem\",\"position\":2,\"name\":\"Z\u00e1sady ochrany osobn\u00edch \u00fadaj\u016f\"}]},{\"@type\":\"WebSite\",\"@id\":\"https:\\\/\\\/willaboconek.pl\\\/cs\\\/#website\",\"url\":\"https:\\\/\\\/willaboconek.pl\\\/cs\\\/\",\"name\":\"Willa Boconek\",\"description\":\"\",\"publisher\":{\"@id\":\"https:\\\/\\\/willaboconek.pl\\\/cs\\\/#organization\"},\"potentialAction\":[{\"@type\":\"SearchAction\",\"target\":{\"@type\":\"EntryPoint\",\"urlTemplate\":\"https:\\\/\\\/willaboconek.pl\\\/cs\\\/?s={search_term_string}\"},\"query-input\":{\"@type\":\"PropertyValueSpecification\",\"valueRequired\":true,\"valueName\":\"search_term_string\"}}],\"inLanguage\":\"cs\"},{\"@type\":\"Organization\",\"@id\":\"https:\\\/\\\/willaboconek.pl\\\/cs\\\/#organization\",\"name\":\"Willa Boconek\",\"url\":\"https:\\\/\\\/willaboconek.pl\\\/cs\\\/\",\"logo\":{\"@type\":\"ImageObject\",\"inLanguage\":\"cs\",\"@id\":\"https:\\\/\\\/willaboconek.pl\\\/cs\\\/#\\\/schema\\\/logo\\\/image\\\/\",\"url\":\"https:\\\/\\\/willaboconek.pl\\\/wp-content\\\/uploads\\\/2019\\\/06\\\/logo-sticky.png\",\"contentUrl\":\"https:\\\/\\\/willaboconek.pl\\\/wp-content\\\/uploads\\\/2019\\\/06\\\/logo-sticky.png\",\"width\":200,\"height\":74,\"caption\":\"Willa Boconek\"},\"image\":{\"@id\":\"https:\\\/\\\/willaboconek.pl\\\/cs\\\/#\\\/schema\\\/logo\\\/image\\\/\"},\"sameAs\":[\"https:\\\/\\\/www.facebook.com\\\/willaboconek\\\/\",\"https:\\\/\\\/www.instagram.com\\\/explore\\\/locations\\\/435956827196154\\\/willa-boconek-noclegi-zator\\\/\"]}]}<\/script>\n<!-- \/ Yoast SEO plugin. -->","yoast_head_json":{"title":"Z\u00e1sady ochrany osobn\u00edch \u00fadaj\u016f - Willa Boconek","robots":{"index":"index","follow":"follow","max-snippet":"max-snippet:-1","max-image-preview":"max-image-preview:large","max-video-preview":"max-video-preview:-1"},"canonical":"https:\/\/willaboconek.pl\/cs\/zasady-ochrany-osobnich-udaju\/","og_locale":"cs_CZ","og_type":"article","og_title":"Z\u00e1sady ochrany osobn\u00edch \u00fadaj\u016f - Willa Boconek","og_url":"https:\/\/willaboconek.pl\/cs\/zasady-ochrany-osobnich-udaju\/","og_site_name":"Willa Boconek","article_publisher":"https:\/\/www.facebook.com\/willaboconek\/","article_modified_time":"2023-01-13T21:06:12+00:00","twitter_card":"summary_large_image","twitter_misc":{"Odhadovan\u00e1 doba \u010dten\u00ed":"6 minut"},"schema":{"@context":"https:\/\/schema.org","@graph":[{"@type":"WebPage","@id":"https:\/\/willaboconek.pl\/cs\/zasady-ochrany-osobnich-udaju\/","url":"https:\/\/willaboconek.pl\/cs\/zasady-ochrany-osobnich-udaju\/","name":"Z\u00e1sady ochrany osobn\u00edch \u00fadaj\u016f - Willa Boconek","isPartOf":{"@id":"https:\/\/willaboconek.pl\/cs\/#website"},"datePublished":"2019-06-13T12:52:15+00:00","dateModified":"2023-01-13T21:06:12+00:00","breadcrumb":{"@id":"https:\/\/willaboconek.pl\/cs\/zasady-ochrany-osobnich-udaju\/#breadcrumb"},"inLanguage":"cs","potentialAction":[{"@type":"ReadAction","target":["https:\/\/willaboconek.pl\/cs\/zasady-ochrany-osobnich-udaju\/"]}]},{"@type":"BreadcrumbList","@id":"https:\/\/willaboconek.pl\/cs\/zasady-ochrany-osobnich-udaju\/#breadcrumb","itemListElement":[{"@type":"ListItem","position":1,"name":"Strona g\u0142\u00f3wna","item":"https:\/\/willaboconek.pl\/cs\/"},{"@type":"ListItem","position":2,"name":"Z\u00e1sady ochrany osobn\u00edch \u00fadaj\u016f"}]},{"@type":"WebSite","@id":"https:\/\/willaboconek.pl\/cs\/#website","url":"https:\/\/willaboconek.pl\/cs\/","name":"Willa Boconek","description":"","publisher":{"@id":"https:\/\/willaboconek.pl\/cs\/#organization"},"potentialAction":[{"@type":"SearchAction","target":{"@type":"EntryPoint","urlTemplate":"https:\/\/willaboconek.pl\/cs\/?s={search_term_string}"},"query-input":{"@type":"PropertyValueSpecification","valueRequired":true,"valueName":"search_term_string"}}],"inLanguage":"cs"},{"@type":"Organization","@id":"https:\/\/willaboconek.pl\/cs\/#organization","name":"Willa Boconek","url":"https:\/\/willaboconek.pl\/cs\/","logo":{"@type":"ImageObject","inLanguage":"cs","@id":"https:\/\/willaboconek.pl\/cs\/#\/schema\/logo\/image\/","url":"https:\/\/willaboconek.pl\/wp-content\/uploads\/2019\/06\/logo-sticky.png","contentUrl":"https:\/\/willaboconek.pl\/wp-content\/uploads\/2019\/06\/logo-sticky.png","width":200,"height":74,"caption":"Willa Boconek"},"image":{"@id":"https:\/\/willaboconek.pl\/cs\/#\/schema\/logo\/image\/"},"sameAs":["https:\/\/www.facebook.com\/willaboconek\/","https:\/\/www.instagram.com\/explore\/locations\/435956827196154\/willa-boconek-noclegi-zator\/"]}]}},"_links":{"self":[{"href":"https:\/\/willaboconek.pl\/cs\/wp-json\/wp\/v2\/pages\/1201","targetHints":{"allow":["GET"]}}],"collection":[{"href":"https:\/\/willaboconek.pl\/cs\/wp-json\/wp\/v2\/pages"}],"about":[{"href":"https:\/\/willaboconek.pl\/cs\/wp-json\/wp\/v2\/types\/page"}],"author":[{"embeddable":true,"href":"https:\/\/willaboconek.pl\/cs\/wp-json\/wp\/v2\/users\/1"}],"replies":[{"embeddable":true,"href":"https:\/\/willaboconek.pl\/cs\/wp-json\/wp\/v2\/comments?post=1201"}],"version-history":[{"count":1,"href":"https:\/\/willaboconek.pl\/cs\/wp-json\/wp\/v2\/pages\/1201\/revisions"}],"predecessor-version":[{"id":1202,"href":"https:\/\/willaboconek.pl\/cs\/wp-json\/wp\/v2\/pages\/1201\/revisions\/1202"}],"wp:attachment":[{"href":"https:\/\/willaboconek.pl\/cs\/wp-json\/wp\/v2\/media?parent=1201"}],"curies":[{"name":"wp","href":"https:\/\/api.w.org\/{rel}","templated":true}]}}