{"id":1199,"date":"2019-07-15T11:29:17","date_gmt":"2019-07-15T09:29:17","guid":{"rendered":"https:\/\/willaboconek.pl\/polityka-plikow-cookies\/"},"modified":"2023-01-13T22:04:50","modified_gmt":"2023-01-13T21:04:50","slug":"zasady-pouzivani-souboru-cookies","status":"publish","type":"page","link":"https:\/\/willaboconek.pl\/cs\/zasady-pouzivani-souboru-cookies\/","title":{"rendered":"Z\u00e1sady pou\u017e\u00edv\u00e1n\u00ed soubor\u016f cookies"},"content":{"rendered":"<div class=\"fusion-fullwidth fullwidth-box fusion-builder-row-1 nonhundred-percent-fullwidth non-hundred-percent-height-scrolling\"  style='background-color: rgba(255,255,255,0);background-position: center center;background-repeat: no-repeat;padding-top:0px;padding-right:0px;padding-bottom:0px;padding-left:0px;'><div class=\"fusion-builder-row fusion-row \"><div  class=\"fusion-layout-column fusion_builder_column fusion_builder_column_1_1 fusion-builder-column-0 fusion-one-full fusion-column-first fusion-column-last 1_1\"  style='margin-top:0px;margin-bottom:0px;'><div class=\"fusion-column-wrapper\" style=\"padding: 0px 0px 0px 0px;background-position:left top;background-repeat:no-repeat;-webkit-background-size:cover;-moz-background-size:cover;-o-background-size:cover;background-size:cover;\"   data-bg-url=\"\"><div class=\"fusion-text\"><ol>\n<li>Internetov\u00e1 str\u00e1nka <strong>willaboconek.pl<\/strong> pou\u017e\u00edv\u00e1 cookies, t.j. textov\u00e9 soubory ulo\u017een\u00e9 v po\u010d\u00edta\u010di u\u017eivatele a identifikuje jej zp\u016fsobem nezbytn\u00fdm pro umo\u017en\u011bn\u00ed n\u011bkter\u00fdch operac\u00ed. Cookies se pou\u017e\u00edvaj\u00ed mimo jin\u00e9 k zapamatov\u00e1n\u00ed dat nezbytn\u00fdch pro p\u0159ihl\u00e1\u0161en\u00ed u\u017eivatele. Podm\u00ednkou fungov\u00e1n\u00ed soubor\u016f cookies je jejich p\u0159ijet\u00ed prohl\u00ed\u017ee\u010dem a neodstran\u011bn\u00ed z disku.<\/li>\n<li>Web pou\u017e\u00edv\u00e1 \u201erela\u010dn\u00ed\u201c cookies (ulo\u017een\u00e9 do doby, ne\u017e opust\u00edte internetovou str\u00e1nku, zav\u0159ete prohl\u00ed\u017ee\u010d) a \u201etrval\u00e9\u201c (ulo\u017een\u00e9 na va\u0161em po\u010d\u00edta\u010di po ur\u010ditou dobu).<\/li>\n<li>U\u017eivatel\u00e9 internetov\u00e9 str\u00e1nky m\u016f\u017eou v tomto ohledu zm\u011bnit nastaven\u00ed. Internetov\u00fd prohl\u00ed\u017ee\u010d umo\u017e\u0148uje mazat a blokovat soubory. Podrobn\u00e9 informace o tomto t\u00e9matu jsou obsa\u017eeny v n\u00e1pov\u011bd\u011b nebo dokumentaci pou\u017e\u00edvan\u00e9 u\u017eivatelem internetov\u00e9ho prohl\u00ed\u017ee\u010de.<\/li>\n<li>Zak\u00e1z\u00e1n\u00edm soubor\u016f cookie nej\u010dast\u011bji omez\u00edte nebo zablokujete n\u011bkter\u00e9 funkce internetov\u00e9 str\u00e1nky.<\/li>\n<li>Str\u00e1nka <strong>willaboconek.pl<\/strong> pou\u017e\u00edv\u00e1 cookies t\u0159et\u00edch stran \u2013 Google Analytics \u2013 dal\u0161\u00ed informace naleznete na: <a href=\"http:\/\/www.google.com\/analytics\/learn\/privacy.html\">google.com\/analytics\/learn\/privacy.html<\/a><\/li>\n<li>Cookies pou\u017e\u00edvan\u00e9 na internetov\u00fdch str\u00e1nk\u00e1ch <strong>willaboconek.pl<\/strong> neukl\u00e1daj\u00ed osobn\u00ed \u00fadaje.<\/li>\n<\/ol>\n<\/div><div class=\"fusion-clearfix\"><\/div><\/div><\/div><\/div><\/div>\n","protected":false},"excerpt":{"rendered":"","protected":false},"author":1,"featured_media":0,"parent":0,"menu_order":0,"comment_status":"closed","ping_status":"closed","template":"","meta":{"footnotes":""},"class_list":["post-1199","page","type-page","status-publish","hentry"],"yoast_head":"<!-- This site is optimized with the Yoast SEO plugin v27.4 - https:\/\/yoast.com\/product\/yoast-seo-wordpress\/ -->\n<title>Z\u00e1sady pou\u017e\u00edv\u00e1n\u00ed soubor\u016f cookies - Willa Boconek<\/title>\n<meta name=\"robots\" content=\"index, follow, max-snippet:-1, max-image-preview:large, max-video-preview:-1\" \/>\n<link rel=\"canonical\" href=\"https:\/\/willaboconek.pl\/cs\/zasady-pouzivani-souboru-cookies\/\" \/>\n<meta property=\"og:locale\" content=\"cs_CZ\" \/>\n<meta property=\"og:type\" content=\"article\" \/>\n<meta property=\"og:title\" content=\"Z\u00e1sady pou\u017e\u00edv\u00e1n\u00ed soubor\u016f cookies - Willa Boconek\" \/>\n<meta property=\"og:url\" content=\"https:\/\/willaboconek.pl\/cs\/zasady-pouzivani-souboru-cookies\/\" \/>\n<meta property=\"og:site_name\" content=\"Willa Boconek\" \/>\n<meta property=\"article:publisher\" content=\"https:\/\/www.facebook.com\/willaboconek\/\" \/>\n<meta property=\"article:modified_time\" content=\"2023-01-13T21:04:50+00:00\" \/>\n<meta name=\"twitter:card\" content=\"summary_large_image\" \/>\n<meta name=\"twitter:label1\" content=\"Odhadovan\u00e1 doba \u010dten\u00ed\" \/>\n\t<meta name=\"twitter:data1\" content=\"2 minuty\" \/>\n<script type=\"application\/ld+json\" class=\"yoast-schema-graph\">{\"@context\":\"https:\\\/\\\/schema.org\",\"@graph\":[{\"@type\":\"WebPage\",\"@id\":\"https:\\\/\\\/willaboconek.pl\\\/cs\\\/zasady-pouzivani-souboru-cookies\\\/\",\"url\":\"https:\\\/\\\/willaboconek.pl\\\/cs\\\/zasady-pouzivani-souboru-cookies\\\/\",\"name\":\"Z\u00e1sady pou\u017e\u00edv\u00e1n\u00ed soubor\u016f cookies - Willa Boconek\",\"isPartOf\":{\"@id\":\"https:\\\/\\\/willaboconek.pl\\\/cs\\\/#website\"},\"datePublished\":\"2019-07-15T09:29:17+00:00\",\"dateModified\":\"2023-01-13T21:04:50+00:00\",\"breadcrumb\":{\"@id\":\"https:\\\/\\\/willaboconek.pl\\\/cs\\\/zasady-pouzivani-souboru-cookies\\\/#breadcrumb\"},\"inLanguage\":\"cs\",\"potentialAction\":[{\"@type\":\"ReadAction\",\"target\":[\"https:\\\/\\\/willaboconek.pl\\\/cs\\\/zasady-pouzivani-souboru-cookies\\\/\"]}]},{\"@type\":\"BreadcrumbList\",\"@id\":\"https:\\\/\\\/willaboconek.pl\\\/cs\\\/zasady-pouzivani-souboru-cookies\\\/#breadcrumb\",\"itemListElement\":[{\"@type\":\"ListItem\",\"position\":1,\"name\":\"Strona g\u0142\u00f3wna\",\"item\":\"https:\\\/\\\/willaboconek.pl\\\/cs\\\/\"},{\"@type\":\"ListItem\",\"position\":2,\"name\":\"Z\u00e1sady pou\u017e\u00edv\u00e1n\u00ed soubor\u016f cookies\"}]},{\"@type\":\"WebSite\",\"@id\":\"https:\\\/\\\/willaboconek.pl\\\/cs\\\/#website\",\"url\":\"https:\\\/\\\/willaboconek.pl\\\/cs\\\/\",\"name\":\"Willa Boconek\",\"description\":\"\",\"publisher\":{\"@id\":\"https:\\\/\\\/willaboconek.pl\\\/cs\\\/#organization\"},\"potentialAction\":[{\"@type\":\"SearchAction\",\"target\":{\"@type\":\"EntryPoint\",\"urlTemplate\":\"https:\\\/\\\/willaboconek.pl\\\/cs\\\/?s={search_term_string}\"},\"query-input\":{\"@type\":\"PropertyValueSpecification\",\"valueRequired\":true,\"valueName\":\"search_term_string\"}}],\"inLanguage\":\"cs\"},{\"@type\":\"Organization\",\"@id\":\"https:\\\/\\\/willaboconek.pl\\\/cs\\\/#organization\",\"name\":\"Willa Boconek\",\"url\":\"https:\\\/\\\/willaboconek.pl\\\/cs\\\/\",\"logo\":{\"@type\":\"ImageObject\",\"inLanguage\":\"cs\",\"@id\":\"https:\\\/\\\/willaboconek.pl\\\/cs\\\/#\\\/schema\\\/logo\\\/image\\\/\",\"url\":\"https:\\\/\\\/willaboconek.pl\\\/wp-content\\\/uploads\\\/2019\\\/06\\\/logo-sticky.png\",\"contentUrl\":\"https:\\\/\\\/willaboconek.pl\\\/wp-content\\\/uploads\\\/2019\\\/06\\\/logo-sticky.png\",\"width\":200,\"height\":74,\"caption\":\"Willa Boconek\"},\"image\":{\"@id\":\"https:\\\/\\\/willaboconek.pl\\\/cs\\\/#\\\/schema\\\/logo\\\/image\\\/\"},\"sameAs\":[\"https:\\\/\\\/www.facebook.com\\\/willaboconek\\\/\",\"https:\\\/\\\/www.instagram.com\\\/explore\\\/locations\\\/435956827196154\\\/willa-boconek-noclegi-zator\\\/\"]}]}<\/script>\n<!-- \/ Yoast SEO plugin. -->","yoast_head_json":{"title":"Z\u00e1sady pou\u017e\u00edv\u00e1n\u00ed soubor\u016f cookies - Willa Boconek","robots":{"index":"index","follow":"follow","max-snippet":"max-snippet:-1","max-image-preview":"max-image-preview:large","max-video-preview":"max-video-preview:-1"},"canonical":"https:\/\/willaboconek.pl\/cs\/zasady-pouzivani-souboru-cookies\/","og_locale":"cs_CZ","og_type":"article","og_title":"Z\u00e1sady pou\u017e\u00edv\u00e1n\u00ed soubor\u016f cookies - Willa Boconek","og_url":"https:\/\/willaboconek.pl\/cs\/zasady-pouzivani-souboru-cookies\/","og_site_name":"Willa Boconek","article_publisher":"https:\/\/www.facebook.com\/willaboconek\/","article_modified_time":"2023-01-13T21:04:50+00:00","twitter_card":"summary_large_image","twitter_misc":{"Odhadovan\u00e1 doba \u010dten\u00ed":"2 minuty"},"schema":{"@context":"https:\/\/schema.org","@graph":[{"@type":"WebPage","@id":"https:\/\/willaboconek.pl\/cs\/zasady-pouzivani-souboru-cookies\/","url":"https:\/\/willaboconek.pl\/cs\/zasady-pouzivani-souboru-cookies\/","name":"Z\u00e1sady pou\u017e\u00edv\u00e1n\u00ed soubor\u016f cookies - Willa Boconek","isPartOf":{"@id":"https:\/\/willaboconek.pl\/cs\/#website"},"datePublished":"2019-07-15T09:29:17+00:00","dateModified":"2023-01-13T21:04:50+00:00","breadcrumb":{"@id":"https:\/\/willaboconek.pl\/cs\/zasady-pouzivani-souboru-cookies\/#breadcrumb"},"inLanguage":"cs","potentialAction":[{"@type":"ReadAction","target":["https:\/\/willaboconek.pl\/cs\/zasady-pouzivani-souboru-cookies\/"]}]},{"@type":"BreadcrumbList","@id":"https:\/\/willaboconek.pl\/cs\/zasady-pouzivani-souboru-cookies\/#breadcrumb","itemListElement":[{"@type":"ListItem","position":1,"name":"Strona g\u0142\u00f3wna","item":"https:\/\/willaboconek.pl\/cs\/"},{"@type":"ListItem","position":2,"name":"Z\u00e1sady pou\u017e\u00edv\u00e1n\u00ed soubor\u016f cookies"}]},{"@type":"WebSite","@id":"https:\/\/willaboconek.pl\/cs\/#website","url":"https:\/\/willaboconek.pl\/cs\/","name":"Willa Boconek","description":"","publisher":{"@id":"https:\/\/willaboconek.pl\/cs\/#organization"},"potentialAction":[{"@type":"SearchAction","target":{"@type":"EntryPoint","urlTemplate":"https:\/\/willaboconek.pl\/cs\/?s={search_term_string}"},"query-input":{"@type":"PropertyValueSpecification","valueRequired":true,"valueName":"search_term_string"}}],"inLanguage":"cs"},{"@type":"Organization","@id":"https:\/\/willaboconek.pl\/cs\/#organization","name":"Willa Boconek","url":"https:\/\/willaboconek.pl\/cs\/","logo":{"@type":"ImageObject","inLanguage":"cs","@id":"https:\/\/willaboconek.pl\/cs\/#\/schema\/logo\/image\/","url":"https:\/\/willaboconek.pl\/wp-content\/uploads\/2019\/06\/logo-sticky.png","contentUrl":"https:\/\/willaboconek.pl\/wp-content\/uploads\/2019\/06\/logo-sticky.png","width":200,"height":74,"caption":"Willa Boconek"},"image":{"@id":"https:\/\/willaboconek.pl\/cs\/#\/schema\/logo\/image\/"},"sameAs":["https:\/\/www.facebook.com\/willaboconek\/","https:\/\/www.instagram.com\/explore\/locations\/435956827196154\/willa-boconek-noclegi-zator\/"]}]}},"_links":{"self":[{"href":"https:\/\/willaboconek.pl\/cs\/wp-json\/wp\/v2\/pages\/1199","targetHints":{"allow":["GET"]}}],"collection":[{"href":"https:\/\/willaboconek.pl\/cs\/wp-json\/wp\/v2\/pages"}],"about":[{"href":"https:\/\/willaboconek.pl\/cs\/wp-json\/wp\/v2\/types\/page"}],"author":[{"embeddable":true,"href":"https:\/\/willaboconek.pl\/cs\/wp-json\/wp\/v2\/users\/1"}],"replies":[{"embeddable":true,"href":"https:\/\/willaboconek.pl\/cs\/wp-json\/wp\/v2\/comments?post=1199"}],"version-history":[{"count":1,"href":"https:\/\/willaboconek.pl\/cs\/wp-json\/wp\/v2\/pages\/1199\/revisions"}],"predecessor-version":[{"id":1200,"href":"https:\/\/willaboconek.pl\/cs\/wp-json\/wp\/v2\/pages\/1199\/revisions\/1200"}],"wp:attachment":[{"href":"https:\/\/willaboconek.pl\/cs\/wp-json\/wp\/v2\/media?parent=1199"}],"curies":[{"name":"wp","href":"https:\/\/api.w.org\/{rel}","templated":true}]}}