{"id":1193,"date":"2019-06-13T15:03:54","date_gmt":"2019-06-13T13:03:54","guid":{"rendered":"https:\/\/willaboconek.pl\/o-nas\/"},"modified":"2023-09-16T05:09:32","modified_gmt":"2023-09-16T03:09:32","slug":"o-nas","status":"publish","type":"page","link":"https:\/\/willaboconek.pl\/cs\/o-nas\/","title":{"rendered":"O n\u00e1s"},"content":{"rendered":"<div class=\"fusion-fullwidth fullwidth-box fusion-builder-row-1 nonhundred-percent-fullwidth non-hundred-percent-height-scrolling\"  style='background-color: rgba(255,255,255,0);background-position: center center;background-repeat: no-repeat;padding-top:0px;padding-right:0px;padding-bottom:0px;padding-left:0px;'><div class=\"fusion-builder-row fusion-row \"><div  class=\"fusion-layout-column fusion_builder_column fusion_builder_column_1_2 fusion-builder-column-0 fusion-one-half fusion-column-first 1_2\"  style='margin-top:0px;margin-bottom:20px;width:50%;width:calc(50% - ( ( 4% ) * 0.5 ) );margin-right: 4%;'><div class=\"fusion-column-wrapper\" style=\"padding: 0px 0px 0px 0px;background-position:left top;background-repeat:no-repeat;-webkit-background-size:cover;-moz-background-size:cover;-o-background-size:cover;background-size:cover;\"   data-bg-url=\"\"><div class=\"fusion-text\"><p>Dobr\u00fd odpo\u010dinek, relaxace a nezapomenuteln\u00e1 atmosf\u00e9ra na venkov\u011b &#8211; to v\u0161e m\u016f\u017eete poc\u00edtit, kdy\u017e p\u0159ijedete do <strong>&#8222;Willa Boconek&#8220;<\/strong>, kter\u00fd se nach\u00e1z\u00ed na stejnojmenn\u00e9 ulici ve m\u011bst\u011b Przecisz\u00f3w.<\/p>\n<p>Z pozemku je v\u00fdhled na kr\u00e1snou krajinu, poh\u00e1dkov\u00e9 v\u00fdhledy, divok\u00e9 kachny, labut\u011b, kormor\u00e1ny a je\u0159\u00e1by. Tento \u00fachvatn\u00fd pohled na p\u0159\u00edrodu je k vid\u011bn\u00ed u rybn\u00edk\u016f v bl\u00edzkosti hotelu. Kv\u011btiny s n\u00e1dhernou v\u016fn\u00ed, srnky, zaj\u00edci a pt\u00e1ci, kte\u0159\u00ed r\u00e1no okouzlen\u011b zp\u00edvaj\u00ed.<\/p>\n<p><strong><b>\u00a0,,Willa Boconek&#8220; v\u00e1m otev\u00edr\u00e1 sv\u00e9 dve\u0159e.<\/b><\/strong><\/p>\n<p>Pouze m\u00edstn\u00ed klid V\u00e1m zajist\u00ed dovolenou sn\u016f.<\/p>\n<p>O dobr\u00fd pobyt se postar\u00e1 profesion\u00e1ln\u00ed person\u00e1l.<\/p>\n<p>Na\u0161e dve\u0159e jsou pro hosty v\u017edy otev\u0159en\u00e9.<\/p>\n<\/div><div class=\"fusion-clearfix\"><\/div><\/div><\/div><div  class=\"fusion-layout-column fusion_builder_column fusion_builder_column_1_2 fusion-builder-column-1 fusion-one-half fusion-column-last 1_2\"  style='margin-top:0px;margin-bottom:20px;width:50%;width:calc(50% - ( ( 4% ) * 0.5 ) );'><div class=\"fusion-column-wrapper\" style=\"padding: 0px 0px 0px 0px;background-position:left top;background-repeat:no-repeat;-webkit-background-size:cover;-moz-background-size:cover;-o-background-size:cover;background-size:cover;\"   data-bg-url=\"\"><div class=\"fusion-text\"><div style=\"width: 1300px;\" class=\"wp-video\"><!--[if lt IE 9]><script>document.createElement('video');<\/script><![endif]-->\n<video class=\"wp-video-shortcode\" id=\"video-1193-1\" width=\"1300\" height=\"731\" loop autoplay preload=\"metadata\" controls=\"controls\"><source type=\"video\/mp4\" src=\"https:\/\/willaboconek.pl\/wp-content\/uploads\/2019\/06\/willaboconek_1.1.mp4?_=1\" \/><a href=\"https:\/\/willaboconek.pl\/wp-content\/uploads\/2019\/06\/willaboconek_1.1.mp4\">https:\/\/willaboconek.pl\/wp-content\/uploads\/2019\/06\/willaboconek_1.1.mp4<\/a><\/video><\/div>\n<\/div><div class=\"fusion-clearfix\"><\/div><\/div><\/div><div  class=\"fusion-layout-column fusion_builder_column fusion_builder_column_1_2 fusion-builder-column-2 fusion-one-half fusion-column-first 1_2\"  style='margin-top:0px;margin-bottom:20px;width:50%;width:calc(50% - ( ( 4% ) * 0.5 ) );margin-right: 4%;'><div class=\"fusion-column-wrapper\" style=\"padding: 0px 0px 0px 0px;background-position:left top;background-repeat:no-repeat;-webkit-background-size:cover;-moz-background-size:cover;-o-background-size:cover;background-size:cover;\"   data-bg-url=\"\"><div class=\"fusion-text\"><p><strong><b>Objekt:<\/b><\/strong><\/p>\n<ul>\n<li>se nach\u00e1z\u00ed v oblasti Natura 2000, daleko od m\u011bsta, v ulici, obklopen\u00e9 stromy a jezery.<\/li>\n<li>objekt oplocen\u00fd<\/li>\n<li>parkov\u00e1n\u00ed pro hosty zdarma<\/li>\n<li>vhodn\u00e9 pro rodiny s d\u011btmi<\/li>\n<li>velk\u00e1 zahrada<\/li>\n<li>d\u011btsk\u00fd koutek<\/li>\n<li>Bezplatn\u00e9 Wi-Fi<\/li>\n<li>d\u011btsk\u00e9 h\u0159i\u0161t\u011b<\/li>\n<li>trampol\u00edna<\/li>\n<li>terasa<\/li>\n<li>alt\u00e1n<\/li>\n<li>zahradn\u00ed n\u00e1bytek<\/li>\n<li>houpa\u010dka<\/li>\n<li>p\u00edskovna<\/li>\n<li>grill<\/li>\n<\/ul>\n<\/div><div class=\"fusion-text\"><p><strong><b>Vzd\u00e1lenosti:<\/b><\/strong><\/p>\n<ul>\n<li>z obchodu: 2,5 km<\/li>\n<li>od restaurace: 6 km<\/li>\n<li>od n\u00e1dra\u017e\u00ed: 2,5 km<\/li>\n<li>od autobusov\u00e9 zast\u00e1vky: 2 km<\/li>\n<\/ul>\n<\/div><div class=\"fusion-text\"><p><strong><b>VOLITELN\u011a (zdarma &#8211; k dispozici po p\u0159edchoz\u00ed domluv\u011b):<\/b><\/strong><\/p>\n<ul>\n<li>d\u011btsk\u00e1 post\u00fdlka (cestovn\u00ed post\u00fdlka),<\/li>\n<li>k\u0159eslo pro krmen\u00ed,<\/li>\n<li>p\u0159ekryt\u00ed toalety,<\/li>\n<li>no\u010dn\u00edk.<\/li>\n<\/ul>\n<\/div><div class=\"fusion-clearfix\"><\/div><\/div><\/div><div  class=\"fusion-layout-column fusion_builder_column fusion_builder_column_1_2 fusion-builder-column-3 fusion-one-half fusion-column-last 1_2\"  style='margin-top:0px;margin-bottom:20px;width:50%;width:calc(50% - ( ( 4% ) * 0.5 ) );'><div class=\"fusion-column-wrapper\" style=\"padding: 0px 0px 0px 0px;background-position:left top;background-repeat:no-repeat;-webkit-background-size:cover;-moz-background-size:cover;-o-background-size:cover;background-size:cover;\"   data-bg-url=\"\"><div class=\"fusion-text\"><p><img loading=\"lazy\" decoding=\"async\" class=\"lazyload size-full wp-image-420 alignnone\" src=\"https:\/\/willaboconek.pl\/wp-content\/uploads\/2019\/08\/baner_900x900_v2-2.jpg\" data-orig-src=\"https:\/\/willaboconek.pl\/wp-content\/uploads\/2019\/08\/baner_900x900_v2-2.jpg\" alt=\"\" width=\"600\" height=\"600\" srcset=\"data:image\/svg+xml,%3Csvg%20xmlns%3D%27http%3A%2F%2Fwww.w3.org%2F2000%2Fsvg%27%20width%3D%27600%27%20height%3D%27600%27%20viewBox%3D%270%200%20600%20600%27%3E%3Crect%20width%3D%27600%27%20height%3D%273600%27%20fill-opacity%3D%220%22%2F%3E%3C%2Fsvg%3E\" data-srcset=\"https:\/\/willaboconek.pl\/wp-content\/uploads\/2019\/08\/baner_900x900_v2-2-66x66.jpg 66w, https:\/\/willaboconek.pl\/wp-content\/uploads\/2019\/08\/baner_900x900_v2-2-150x150.jpg 150w, https:\/\/willaboconek.pl\/wp-content\/uploads\/2019\/08\/baner_900x900_v2-2-200x200.jpg 200w, https:\/\/willaboconek.pl\/wp-content\/uploads\/2019\/08\/baner_900x900_v2-2-300x300.jpg 300w, https:\/\/willaboconek.pl\/wp-content\/uploads\/2019\/08\/baner_900x900_v2-2-400x400.jpg 400w, https:\/\/willaboconek.pl\/wp-content\/uploads\/2019\/08\/baner_900x900_v2-2.jpg 600w\" data-sizes=\"auto\" data-orig-sizes=\"auto, (max-width: 600px) 100vw, 600px\" \/><\/p>\n<\/div><div class=\"fusion-clearfix\"><\/div><\/div><\/div><\/div><\/div>\n","protected":false},"excerpt":{"rendered":"","protected":false},"author":1,"featured_media":0,"parent":0,"menu_order":0,"comment_status":"closed","ping_status":"closed","template":"","meta":{"footnotes":""},"class_list":["post-1193","page","type-page","status-publish","hentry"],"yoast_head":"<!-- This site is optimized with the Yoast SEO plugin v27.4 - https:\/\/yoast.com\/product\/yoast-seo-wordpress\/ -->\n<title>O n\u00e1s - Willa Boconek<\/title>\n<meta name=\"robots\" content=\"index, follow, max-snippet:-1, max-image-preview:large, max-video-preview:-1\" \/>\n<link rel=\"canonical\" href=\"https:\/\/willaboconek.pl\/cs\/o-nas\/\" \/>\n<meta property=\"og:locale\" content=\"cs_CZ\" \/>\n<meta property=\"og:type\" content=\"article\" \/>\n<meta property=\"og:title\" content=\"O n\u00e1s - Willa Boconek\" \/>\n<meta property=\"og:url\" content=\"https:\/\/willaboconek.pl\/cs\/o-nas\/\" \/>\n<meta property=\"og:site_name\" content=\"Willa Boconek\" \/>\n<meta property=\"article:publisher\" content=\"https:\/\/www.facebook.com\/willaboconek\/\" \/>\n<meta property=\"article:modified_time\" content=\"2023-09-16T03:09:32+00:00\" \/>\n<meta property=\"og:image\" content=\"https:\/\/willaboconek.pl\/wp-content\/uploads\/2019\/08\/baner_900x900_v2-2.jpg\" \/>\n<meta name=\"twitter:card\" content=\"summary_large_image\" \/>\n<meta name=\"twitter:label1\" content=\"Odhadovan\u00e1 doba \u010dten\u00ed\" \/>\n\t<meta name=\"twitter:data1\" content=\"3 minuty\" \/>\n<script type=\"application\/ld+json\" class=\"yoast-schema-graph\">{\"@context\":\"https:\\\/\\\/schema.org\",\"@graph\":[{\"@type\":\"WebPage\",\"@id\":\"https:\\\/\\\/willaboconek.pl\\\/cs\\\/o-nas\\\/\",\"url\":\"https:\\\/\\\/willaboconek.pl\\\/cs\\\/o-nas\\\/\",\"name\":\"O n\u00e1s - Willa Boconek\",\"isPartOf\":{\"@id\":\"https:\\\/\\\/willaboconek.pl\\\/cs\\\/#website\"},\"primaryImageOfPage\":{\"@id\":\"https:\\\/\\\/willaboconek.pl\\\/cs\\\/o-nas\\\/#primaryimage\"},\"image\":{\"@id\":\"https:\\\/\\\/willaboconek.pl\\\/cs\\\/o-nas\\\/#primaryimage\"},\"thumbnailUrl\":\"https:\\\/\\\/willaboconek.pl\\\/wp-content\\\/uploads\\\/2019\\\/08\\\/baner_900x900_v2-2.jpg\",\"datePublished\":\"2019-06-13T13:03:54+00:00\",\"dateModified\":\"2023-09-16T03:09:32+00:00\",\"breadcrumb\":{\"@id\":\"https:\\\/\\\/willaboconek.pl\\\/cs\\\/o-nas\\\/#breadcrumb\"},\"inLanguage\":\"cs\",\"potentialAction\":[{\"@type\":\"ReadAction\",\"target\":[\"https:\\\/\\\/willaboconek.pl\\\/cs\\\/o-nas\\\/\"]}]},{\"@type\":\"ImageObject\",\"inLanguage\":\"cs\",\"@id\":\"https:\\\/\\\/willaboconek.pl\\\/cs\\\/o-nas\\\/#primaryimage\",\"url\":\"https:\\\/\\\/willaboconek.pl\\\/wp-content\\\/uploads\\\/2019\\\/08\\\/baner_900x900_v2-2.jpg\",\"contentUrl\":\"https:\\\/\\\/willaboconek.pl\\\/wp-content\\\/uploads\\\/2019\\\/08\\\/baner_900x900_v2-2.jpg\"},{\"@type\":\"BreadcrumbList\",\"@id\":\"https:\\\/\\\/willaboconek.pl\\\/cs\\\/o-nas\\\/#breadcrumb\",\"itemListElement\":[{\"@type\":\"ListItem\",\"position\":1,\"name\":\"Strona g\u0142\u00f3wna\",\"item\":\"https:\\\/\\\/willaboconek.pl\\\/cs\\\/\"},{\"@type\":\"ListItem\",\"position\":2,\"name\":\"O n\u00e1s\"}]},{\"@type\":\"WebSite\",\"@id\":\"https:\\\/\\\/willaboconek.pl\\\/cs\\\/#website\",\"url\":\"https:\\\/\\\/willaboconek.pl\\\/cs\\\/\",\"name\":\"Willa Boconek\",\"description\":\"\",\"publisher\":{\"@id\":\"https:\\\/\\\/willaboconek.pl\\\/cs\\\/#organization\"},\"potentialAction\":[{\"@type\":\"SearchAction\",\"target\":{\"@type\":\"EntryPoint\",\"urlTemplate\":\"https:\\\/\\\/willaboconek.pl\\\/cs\\\/?s={search_term_string}\"},\"query-input\":{\"@type\":\"PropertyValueSpecification\",\"valueRequired\":true,\"valueName\":\"search_term_string\"}}],\"inLanguage\":\"cs\"},{\"@type\":\"Organization\",\"@id\":\"https:\\\/\\\/willaboconek.pl\\\/cs\\\/#organization\",\"name\":\"Willa Boconek\",\"url\":\"https:\\\/\\\/willaboconek.pl\\\/cs\\\/\",\"logo\":{\"@type\":\"ImageObject\",\"inLanguage\":\"cs\",\"@id\":\"https:\\\/\\\/willaboconek.pl\\\/cs\\\/#\\\/schema\\\/logo\\\/image\\\/\",\"url\":\"https:\\\/\\\/willaboconek.pl\\\/wp-content\\\/uploads\\\/2019\\\/06\\\/logo-sticky.png\",\"contentUrl\":\"https:\\\/\\\/willaboconek.pl\\\/wp-content\\\/uploads\\\/2019\\\/06\\\/logo-sticky.png\",\"width\":200,\"height\":74,\"caption\":\"Willa Boconek\"},\"image\":{\"@id\":\"https:\\\/\\\/willaboconek.pl\\\/cs\\\/#\\\/schema\\\/logo\\\/image\\\/\"},\"sameAs\":[\"https:\\\/\\\/www.facebook.com\\\/willaboconek\\\/\",\"https:\\\/\\\/www.instagram.com\\\/explore\\\/locations\\\/435956827196154\\\/willa-boconek-noclegi-zator\\\/\"]}]}<\/script>\n<!-- \/ Yoast SEO plugin. -->","yoast_head_json":{"title":"O n\u00e1s - Willa Boconek","robots":{"index":"index","follow":"follow","max-snippet":"max-snippet:-1","max-image-preview":"max-image-preview:large","max-video-preview":"max-video-preview:-1"},"canonical":"https:\/\/willaboconek.pl\/cs\/o-nas\/","og_locale":"cs_CZ","og_type":"article","og_title":"O n\u00e1s - Willa Boconek","og_url":"https:\/\/willaboconek.pl\/cs\/o-nas\/","og_site_name":"Willa Boconek","article_publisher":"https:\/\/www.facebook.com\/willaboconek\/","article_modified_time":"2023-09-16T03:09:32+00:00","og_image":[{"url":"https:\/\/willaboconek.pl\/wp-content\/uploads\/2019\/08\/baner_900x900_v2-2.jpg","type":"","width":"","height":""}],"twitter_card":"summary_large_image","twitter_misc":{"Odhadovan\u00e1 doba \u010dten\u00ed":"3 minuty"},"schema":{"@context":"https:\/\/schema.org","@graph":[{"@type":"WebPage","@id":"https:\/\/willaboconek.pl\/cs\/o-nas\/","url":"https:\/\/willaboconek.pl\/cs\/o-nas\/","name":"O n\u00e1s - Willa Boconek","isPartOf":{"@id":"https:\/\/willaboconek.pl\/cs\/#website"},"primaryImageOfPage":{"@id":"https:\/\/willaboconek.pl\/cs\/o-nas\/#primaryimage"},"image":{"@id":"https:\/\/willaboconek.pl\/cs\/o-nas\/#primaryimage"},"thumbnailUrl":"https:\/\/willaboconek.pl\/wp-content\/uploads\/2019\/08\/baner_900x900_v2-2.jpg","datePublished":"2019-06-13T13:03:54+00:00","dateModified":"2023-09-16T03:09:32+00:00","breadcrumb":{"@id":"https:\/\/willaboconek.pl\/cs\/o-nas\/#breadcrumb"},"inLanguage":"cs","potentialAction":[{"@type":"ReadAction","target":["https:\/\/willaboconek.pl\/cs\/o-nas\/"]}]},{"@type":"ImageObject","inLanguage":"cs","@id":"https:\/\/willaboconek.pl\/cs\/o-nas\/#primaryimage","url":"https:\/\/willaboconek.pl\/wp-content\/uploads\/2019\/08\/baner_900x900_v2-2.jpg","contentUrl":"https:\/\/willaboconek.pl\/wp-content\/uploads\/2019\/08\/baner_900x900_v2-2.jpg"},{"@type":"BreadcrumbList","@id":"https:\/\/willaboconek.pl\/cs\/o-nas\/#breadcrumb","itemListElement":[{"@type":"ListItem","position":1,"name":"Strona g\u0142\u00f3wna","item":"https:\/\/willaboconek.pl\/cs\/"},{"@type":"ListItem","position":2,"name":"O n\u00e1s"}]},{"@type":"WebSite","@id":"https:\/\/willaboconek.pl\/cs\/#website","url":"https:\/\/willaboconek.pl\/cs\/","name":"Willa Boconek","description":"","publisher":{"@id":"https:\/\/willaboconek.pl\/cs\/#organization"},"potentialAction":[{"@type":"SearchAction","target":{"@type":"EntryPoint","urlTemplate":"https:\/\/willaboconek.pl\/cs\/?s={search_term_string}"},"query-input":{"@type":"PropertyValueSpecification","valueRequired":true,"valueName":"search_term_string"}}],"inLanguage":"cs"},{"@type":"Organization","@id":"https:\/\/willaboconek.pl\/cs\/#organization","name":"Willa Boconek","url":"https:\/\/willaboconek.pl\/cs\/","logo":{"@type":"ImageObject","inLanguage":"cs","@id":"https:\/\/willaboconek.pl\/cs\/#\/schema\/logo\/image\/","url":"https:\/\/willaboconek.pl\/wp-content\/uploads\/2019\/06\/logo-sticky.png","contentUrl":"https:\/\/willaboconek.pl\/wp-content\/uploads\/2019\/06\/logo-sticky.png","width":200,"height":74,"caption":"Willa Boconek"},"image":{"@id":"https:\/\/willaboconek.pl\/cs\/#\/schema\/logo\/image\/"},"sameAs":["https:\/\/www.facebook.com\/willaboconek\/","https:\/\/www.instagram.com\/explore\/locations\/435956827196154\/willa-boconek-noclegi-zator\/"]}]}},"_links":{"self":[{"href":"https:\/\/willaboconek.pl\/cs\/wp-json\/wp\/v2\/pages\/1193","targetHints":{"allow":["GET"]}}],"collection":[{"href":"https:\/\/willaboconek.pl\/cs\/wp-json\/wp\/v2\/pages"}],"about":[{"href":"https:\/\/willaboconek.pl\/cs\/wp-json\/wp\/v2\/types\/page"}],"author":[{"embeddable":true,"href":"https:\/\/willaboconek.pl\/cs\/wp-json\/wp\/v2\/users\/1"}],"replies":[{"embeddable":true,"href":"https:\/\/willaboconek.pl\/cs\/wp-json\/wp\/v2\/comments?post=1193"}],"version-history":[{"count":3,"href":"https:\/\/willaboconek.pl\/cs\/wp-json\/wp\/v2\/pages\/1193\/revisions"}],"predecessor-version":[{"id":1268,"href":"https:\/\/willaboconek.pl\/cs\/wp-json\/wp\/v2\/pages\/1193\/revisions\/1268"}],"wp:attachment":[{"href":"https:\/\/willaboconek.pl\/cs\/wp-json\/wp\/v2\/media?parent=1193"}],"curies":[{"name":"wp","href":"https:\/\/api.w.org\/{rel}","templated":true}]}}