{"id":1189,"date":"2019-06-13T15:04:33","date_gmt":"2019-06-13T13:04:33","guid":{"rendered":"https:\/\/willaboconek.pl\/cennik\/"},"modified":"2023-01-13T21:53:03","modified_gmt":"2023-01-13T20:53:03","slug":"cenik","status":"publish","type":"page","link":"https:\/\/willaboconek.pl\/cs\/cenik\/","title":{"rendered":"Cen\u00edk"},"content":{"rendered":"<div class=\"fusion-fullwidth fullwidth-box fusion-builder-row-1 nonhundred-percent-fullwidth non-hundred-percent-height-scrolling\"  style='background-color: rgba(255,255,255,0);background-position: center center;background-repeat: no-repeat;padding-top:0px;padding-right:0px;padding-bottom:0px;padding-left:0px;'><div class=\"fusion-builder-row fusion-row \"><div  class=\"fusion-layout-column fusion_builder_column fusion_builder_column_1_5 fusion-builder-column-0 fusion-one-fifth fusion-column-first 1_5\"  style='margin-top:0px;margin-bottom:20px;width:20%;width:calc(20% - ( ( 4% + 4% ) * 0.2 ) );margin-right: 4%;'><div class=\"fusion-column-wrapper\" style=\"padding: 0px 0px 0px 0px;background-position:left top;background-repeat:no-repeat;-webkit-background-size:cover;-moz-background-size:cover;-o-background-size:cover;background-size:cover;\"   data-bg-url=\"\"><div class=\"fusion-clearfix\"><\/div><\/div><\/div><div  class=\"fusion-layout-column fusion_builder_column fusion_builder_column_3_5 fusion-builder-column-1 fusion-three-fifth 3_5\"  style='margin-top:0px;margin-bottom:20px;width:60%;width:calc(60% - ( ( 4% + 4% ) * 0.6 ) );margin-right: 4%;'><div class=\"fusion-column-wrapper\" style=\"padding: 0px 0px 0px 0px;background-position:left top;background-repeat:no-repeat;-webkit-background-size:cover;-moz-background-size:cover;-o-background-size:cover;background-size:cover;\"   data-bg-url=\"\"><div class=\"fusion-text\"><p style=\"text-align: center;\"><strong>POZOR<\/strong>! Minim\u00e1ln\u00ed doba ubytov\u00e1n\u00ed \u010din\u00ed <strong>2 noci<\/strong><\/p>\n<\/div>\n<div class=\"table-2\">\n<table width=\"100%\">\n<thead>\n<tr>\n<th align=\"left\">\u010c\u00edslo pokoje<\/th>\n<th align=\"left\">Cena<\/th>\n<\/tr>\n<\/thead>\n<tbody>\n<tr>\n<td align=\"left\">A1 &#8211; apartm\u00e1n<\/td>\n<td align=\"left\">450 PLN \/ den<\/td>\n<\/tr>\n<tr>\n<td align=\"left\">A2 &#8211; apartm\u00e1n<\/td>\n<td align=\"left\">450 PLN \/ den<\/td>\n<\/tr>\n<tr>\n<td align=\"left\">A3 &#8211; apartm\u00e1n<\/td>\n<td align=\"left\">450 PLN \/ den + 50 PLN\u00a0z\u00e1sobov\u00e1n\u00ed<\/td>\n<\/tr>\n<tr>\n<td align=\"left\">B1 &#8211; pokoj<\/td>\n<td align=\"left\">300 PLN \/ den<\/td>\n<\/tr>\n<tr>\n<td align=\"left\">B2 &#8211; pokoj<\/td>\n<td align=\"left\">300 PLN \/ den<\/td>\n<\/tr>\n<tr>\n<td align=\"left\">B3 &#8211; pokoj<\/td>\n<td align=\"left\">300 PLN \/ den<\/td>\n<\/tr>\n<tr>\n<td align=\"left\">B4 &#8211; pokoj<\/td>\n<td align=\"left\">300 PLN \/ den<\/td>\n<\/tr>\n<tr>\n<td align=\"left\">B5 &#8211; pokoj<\/td>\n<td align=\"left\">300 PLN \/ den<\/td>\n<\/tr>\n<tr>\n<td align=\"left\">B6 &#8211; pokoj<\/td>\n<td align=\"left\">300 PLN \/ den<\/td>\n<\/tr>\n<tr>\n<td align=\"left\">C1 &#8211; apartm\u00e1n<\/td>\n<td align=\"left\">380 PLN \/ den<\/td>\n<\/tr>\n<tr>\n<td align=\"left\">C2 &#8211; apartm\u00e1n<\/td>\n<td align=\"left\">380 PLN \/ den<\/td>\n<\/tr>\n<\/tbody>\n<\/table>\n<\/div>\n<div class=\"fusion-clearfix\"><\/div><\/div><\/div><div  class=\"fusion-layout-column fusion_builder_column fusion_builder_column_1_5 fusion-builder-column-2 fusion-one-fifth fusion-column-last 1_5\"  style='margin-top:0px;margin-bottom:20px;width:20%;width:calc(20% - ( ( 4% + 4% ) * 0.2 ) );'><div class=\"fusion-column-wrapper\" style=\"padding: 0px 0px 0px 0px;background-position:left top;background-repeat:no-repeat;-webkit-background-size:cover;-moz-background-size:cover;-o-background-size:cover;background-size:cover;\"   data-bg-url=\"\"><div class=\"fusion-clearfix\"><\/div><\/div><\/div><div  class=\"fusion-layout-column fusion_builder_column fusion_builder_column_1_1 fusion-builder-column-3 fusion-one-full fusion-column-first fusion-column-last 1_1\"  style='margin-top:0px;margin-bottom:20px;'><div class=\"fusion-column-wrapper\" style=\"padding: 0px 0px 0px 0px;background-position:left top;background-repeat:no-repeat;-webkit-background-size:cover;-moz-background-size:cover;-o-background-size:cover;background-size:cover;\"   data-bg-url=\"\"><div class=\"fusion-text\"><p style=\"text-align: center;\"><em>* ceny k jedn\u00e1n\u00ed po telefonu<\/em><\/p>\n<p style=\"text-align: center;\">P\u0159i rezervaci je t\u0159eba slo\u017eit z\u00e1lohu ve v\u00fd\u0161i 40 % celkov\u00e9 ceny ubytov\u00e1n\u00ed.<\/p>\n<p style=\"text-align: center;\"><strong>Z\u00e1lohu pros\u00edm uhra\u010fte na bankovn\u00ed \u00fa\u010det:<\/strong><br \/>\nKazimierz Ca\u0142us Noclegi Bank Sp\u00f3\u0142dzielczy v Zatoru: CS 56 8136 0000 0022 4581 2000 0010<\/p>\n<p style=\"text-align: center;\">P\u0159i p\u0159\u00edjezdu do vily Boconek se plat\u00ed pouze v hotovosti.<\/p>\n<\/div><div class=\"fusion-clearfix\"><\/div><\/div><\/div><\/div><\/div>\n","protected":false},"excerpt":{"rendered":"","protected":false},"author":1,"featured_media":0,"parent":0,"menu_order":0,"comment_status":"closed","ping_status":"closed","template":"","meta":{"footnotes":""},"class_list":["post-1189","page","type-page","status-publish","hentry"],"yoast_head":"<!-- This site is optimized with the Yoast SEO plugin v27.4 - https:\/\/yoast.com\/product\/yoast-seo-wordpress\/ -->\n<title>Cen\u00edk - Willa Boconek<\/title>\n<meta name=\"robots\" content=\"index, follow, max-snippet:-1, max-image-preview:large, max-video-preview:-1\" \/>\n<link rel=\"canonical\" href=\"https:\/\/willaboconek.pl\/cs\/cenik\/\" \/>\n<meta property=\"og:locale\" content=\"cs_CZ\" \/>\n<meta property=\"og:type\" content=\"article\" \/>\n<meta property=\"og:title\" content=\"Cen\u00edk - Willa Boconek\" \/>\n<meta property=\"og:url\" content=\"https:\/\/willaboconek.pl\/cs\/cenik\/\" \/>\n<meta property=\"og:site_name\" content=\"Willa Boconek\" \/>\n<meta property=\"article:publisher\" content=\"https:\/\/www.facebook.com\/willaboconek\/\" \/>\n<meta property=\"article:modified_time\" content=\"2023-01-13T20:53:03+00:00\" \/>\n<meta name=\"twitter:card\" content=\"summary_large_image\" \/>\n<meta name=\"twitter:label1\" content=\"Odhadovan\u00e1 doba \u010dten\u00ed\" \/>\n\t<meta name=\"twitter:data1\" content=\"3 minuty\" \/>\n<script type=\"application\/ld+json\" class=\"yoast-schema-graph\">{\"@context\":\"https:\\\/\\\/schema.org\",\"@graph\":[{\"@type\":\"WebPage\",\"@id\":\"https:\\\/\\\/willaboconek.pl\\\/cs\\\/cenik\\\/\",\"url\":\"https:\\\/\\\/willaboconek.pl\\\/cs\\\/cenik\\\/\",\"name\":\"Cen\u00edk - Willa Boconek\",\"isPartOf\":{\"@id\":\"https:\\\/\\\/willaboconek.pl\\\/cs\\\/#website\"},\"datePublished\":\"2019-06-13T13:04:33+00:00\",\"dateModified\":\"2023-01-13T20:53:03+00:00\",\"breadcrumb\":{\"@id\":\"https:\\\/\\\/willaboconek.pl\\\/cs\\\/cenik\\\/#breadcrumb\"},\"inLanguage\":\"cs\",\"potentialAction\":[{\"@type\":\"ReadAction\",\"target\":[\"https:\\\/\\\/willaboconek.pl\\\/cs\\\/cenik\\\/\"]}]},{\"@type\":\"BreadcrumbList\",\"@id\":\"https:\\\/\\\/willaboconek.pl\\\/cs\\\/cenik\\\/#breadcrumb\",\"itemListElement\":[{\"@type\":\"ListItem\",\"position\":1,\"name\":\"Strona g\u0142\u00f3wna\",\"item\":\"https:\\\/\\\/willaboconek.pl\\\/cs\\\/\"},{\"@type\":\"ListItem\",\"position\":2,\"name\":\"Cen\u00edk\"}]},{\"@type\":\"WebSite\",\"@id\":\"https:\\\/\\\/willaboconek.pl\\\/cs\\\/#website\",\"url\":\"https:\\\/\\\/willaboconek.pl\\\/cs\\\/\",\"name\":\"Willa Boconek\",\"description\":\"\",\"publisher\":{\"@id\":\"https:\\\/\\\/willaboconek.pl\\\/cs\\\/#organization\"},\"potentialAction\":[{\"@type\":\"SearchAction\",\"target\":{\"@type\":\"EntryPoint\",\"urlTemplate\":\"https:\\\/\\\/willaboconek.pl\\\/cs\\\/?s={search_term_string}\"},\"query-input\":{\"@type\":\"PropertyValueSpecification\",\"valueRequired\":true,\"valueName\":\"search_term_string\"}}],\"inLanguage\":\"cs\"},{\"@type\":\"Organization\",\"@id\":\"https:\\\/\\\/willaboconek.pl\\\/cs\\\/#organization\",\"name\":\"Willa Boconek\",\"url\":\"https:\\\/\\\/willaboconek.pl\\\/cs\\\/\",\"logo\":{\"@type\":\"ImageObject\",\"inLanguage\":\"cs\",\"@id\":\"https:\\\/\\\/willaboconek.pl\\\/cs\\\/#\\\/schema\\\/logo\\\/image\\\/\",\"url\":\"https:\\\/\\\/willaboconek.pl\\\/wp-content\\\/uploads\\\/2019\\\/06\\\/logo-sticky.png\",\"contentUrl\":\"https:\\\/\\\/willaboconek.pl\\\/wp-content\\\/uploads\\\/2019\\\/06\\\/logo-sticky.png\",\"width\":200,\"height\":74,\"caption\":\"Willa Boconek\"},\"image\":{\"@id\":\"https:\\\/\\\/willaboconek.pl\\\/cs\\\/#\\\/schema\\\/logo\\\/image\\\/\"},\"sameAs\":[\"https:\\\/\\\/www.facebook.com\\\/willaboconek\\\/\",\"https:\\\/\\\/www.instagram.com\\\/explore\\\/locations\\\/435956827196154\\\/willa-boconek-noclegi-zator\\\/\"]}]}<\/script>\n<!-- \/ Yoast SEO plugin. -->","yoast_head_json":{"title":"Cen\u00edk - Willa Boconek","robots":{"index":"index","follow":"follow","max-snippet":"max-snippet:-1","max-image-preview":"max-image-preview:large","max-video-preview":"max-video-preview:-1"},"canonical":"https:\/\/willaboconek.pl\/cs\/cenik\/","og_locale":"cs_CZ","og_type":"article","og_title":"Cen\u00edk - Willa Boconek","og_url":"https:\/\/willaboconek.pl\/cs\/cenik\/","og_site_name":"Willa Boconek","article_publisher":"https:\/\/www.facebook.com\/willaboconek\/","article_modified_time":"2023-01-13T20:53:03+00:00","twitter_card":"summary_large_image","twitter_misc":{"Odhadovan\u00e1 doba \u010dten\u00ed":"3 minuty"},"schema":{"@context":"https:\/\/schema.org","@graph":[{"@type":"WebPage","@id":"https:\/\/willaboconek.pl\/cs\/cenik\/","url":"https:\/\/willaboconek.pl\/cs\/cenik\/","name":"Cen\u00edk - Willa Boconek","isPartOf":{"@id":"https:\/\/willaboconek.pl\/cs\/#website"},"datePublished":"2019-06-13T13:04:33+00:00","dateModified":"2023-01-13T20:53:03+00:00","breadcrumb":{"@id":"https:\/\/willaboconek.pl\/cs\/cenik\/#breadcrumb"},"inLanguage":"cs","potentialAction":[{"@type":"ReadAction","target":["https:\/\/willaboconek.pl\/cs\/cenik\/"]}]},{"@type":"BreadcrumbList","@id":"https:\/\/willaboconek.pl\/cs\/cenik\/#breadcrumb","itemListElement":[{"@type":"ListItem","position":1,"name":"Strona g\u0142\u00f3wna","item":"https:\/\/willaboconek.pl\/cs\/"},{"@type":"ListItem","position":2,"name":"Cen\u00edk"}]},{"@type":"WebSite","@id":"https:\/\/willaboconek.pl\/cs\/#website","url":"https:\/\/willaboconek.pl\/cs\/","name":"Willa Boconek","description":"","publisher":{"@id":"https:\/\/willaboconek.pl\/cs\/#organization"},"potentialAction":[{"@type":"SearchAction","target":{"@type":"EntryPoint","urlTemplate":"https:\/\/willaboconek.pl\/cs\/?s={search_term_string}"},"query-input":{"@type":"PropertyValueSpecification","valueRequired":true,"valueName":"search_term_string"}}],"inLanguage":"cs"},{"@type":"Organization","@id":"https:\/\/willaboconek.pl\/cs\/#organization","name":"Willa Boconek","url":"https:\/\/willaboconek.pl\/cs\/","logo":{"@type":"ImageObject","inLanguage":"cs","@id":"https:\/\/willaboconek.pl\/cs\/#\/schema\/logo\/image\/","url":"https:\/\/willaboconek.pl\/wp-content\/uploads\/2019\/06\/logo-sticky.png","contentUrl":"https:\/\/willaboconek.pl\/wp-content\/uploads\/2019\/06\/logo-sticky.png","width":200,"height":74,"caption":"Willa Boconek"},"image":{"@id":"https:\/\/willaboconek.pl\/cs\/#\/schema\/logo\/image\/"},"sameAs":["https:\/\/www.facebook.com\/willaboconek\/","https:\/\/www.instagram.com\/explore\/locations\/435956827196154\/willa-boconek-noclegi-zator\/"]}]}},"_links":{"self":[{"href":"https:\/\/willaboconek.pl\/cs\/wp-json\/wp\/v2\/pages\/1189","targetHints":{"allow":["GET"]}}],"collection":[{"href":"https:\/\/willaboconek.pl\/cs\/wp-json\/wp\/v2\/pages"}],"about":[{"href":"https:\/\/willaboconek.pl\/cs\/wp-json\/wp\/v2\/types\/page"}],"author":[{"embeddable":true,"href":"https:\/\/willaboconek.pl\/cs\/wp-json\/wp\/v2\/users\/1"}],"replies":[{"embeddable":true,"href":"https:\/\/willaboconek.pl\/cs\/wp-json\/wp\/v2\/comments?post=1189"}],"version-history":[{"count":1,"href":"https:\/\/willaboconek.pl\/cs\/wp-json\/wp\/v2\/pages\/1189\/revisions"}],"predecessor-version":[{"id":1190,"href":"https:\/\/willaboconek.pl\/cs\/wp-json\/wp\/v2\/pages\/1189\/revisions\/1190"}],"wp:attachment":[{"href":"https:\/\/willaboconek.pl\/cs\/wp-json\/wp\/v2\/media?parent=1189"}],"curies":[{"name":"wp","href":"https:\/\/api.w.org\/{rel}","templated":true}]}}